{"id":105,"date":"2023-12-03T09:29:43","date_gmt":"2023-12-03T08:29:43","guid":{"rendered":"https:\/\/www.drevodomykosice.sk\/?page_id=105"},"modified":"2023-12-05T01:33:08","modified_gmt":"2023-12-05T00:33:08","slug":"o-nas","status":"publish","type":"page","link":"https:\/\/www.drevodomykosice.sk\/index.php\/o-nas\/","title":{"rendered":"O n\u00e1s"},"content":{"rendered":"\t\t<div data-elementor-type=\"wp-page\" data-elementor-id=\"105\" class=\"elementor elementor-105\">\n\t\t\t\t\t\t\t\t\t<section class=\"elementor-section elementor-top-section elementor-element elementor-element-ff76481 elementor-section-boxed elementor-section-height-default elementor-section-height-default\" data-id=\"ff76481\" data-element_type=\"section\">\n\t\t\t\t\t\t<div class=\"elementor-container elementor-column-gap-default\">\n\t\t\t\t\t<div class=\"elementor-column elementor-col-100 elementor-top-column elementor-element elementor-element-d6465bd\" data-id=\"d6465bd\" data-element_type=\"column\">\n\t\t\t<div class=\"elementor-widget-wrap elementor-element-populated\">\n\t\t\t\t\t\t\t\t<div class=\"elementor-element elementor-element-6af1519 elementor-widget elementor-widget-heading\" data-id=\"6af1519\" data-element_type=\"widget\" data-widget_type=\"heading.default\">\n\t\t\t\t<div class=\"elementor-widget-container\">\n\t\t\t<style>\/*! elementor - v3.11.2 - 22-02-2023 *\/\n.elementor-heading-title{padding:0;margin:0;line-height:1}.elementor-widget-heading .elementor-heading-title[class*=elementor-size-]>a{color:inherit;font-size:inherit;line-height:inherit}.elementor-widget-heading .elementor-heading-title.elementor-size-small{font-size:15px}.elementor-widget-heading .elementor-heading-title.elementor-size-medium{font-size:19px}.elementor-widget-heading .elementor-heading-title.elementor-size-large{font-size:29px}.elementor-widget-heading .elementor-heading-title.elementor-size-xl{font-size:39px}.elementor-widget-heading .elementor-heading-title.elementor-size-xxl{font-size:59px}<\/style><h2 class=\"elementor-heading-title elementor-size-default\">O n\u00e1s<\/h2>\t\t<\/div>\n\t\t\t\t<\/div>\n\t\t\t\t\t<\/div>\n\t\t<\/div>\n\t\t\t\t\t\t\t<\/div>\n\t\t<\/section>\n\t\t\t\t<section class=\"elementor-section elementor-top-section elementor-element elementor-element-eae5744 elementor-section-boxed elementor-section-height-default elementor-section-height-default\" data-id=\"eae5744\" data-element_type=\"section\">\n\t\t\t\t\t\t<div class=\"elementor-container elementor-column-gap-default\">\n\t\t\t\t\t<div class=\"elementor-column elementor-col-100 elementor-top-column elementor-element elementor-element-c29439c\" data-id=\"c29439c\" data-element_type=\"column\">\n\t\t\t<div class=\"elementor-widget-wrap elementor-element-populated\">\n\t\t\t\t\t\t\t\t<div class=\"elementor-element elementor-element-e052290 elementor-invisible elementor-widget elementor-widget-text-editor\" data-id=\"e052290\" data-element_type=\"widget\" data-settings=\"{&quot;_animation&quot;:&quot;fadeInUp&quot;}\" data-widget_type=\"text-editor.default\">\n\t\t\t\t<div class=\"elementor-widget-container\">\n\t\t\t<style>\/*! elementor - v3.11.2 - 22-02-2023 *\/\n.elementor-widget-text-editor.elementor-drop-cap-view-stacked .elementor-drop-cap{background-color:#818a91;color:#fff}.elementor-widget-text-editor.elementor-drop-cap-view-framed .elementor-drop-cap{color:#818a91;border:3px solid;background-color:transparent}.elementor-widget-text-editor:not(.elementor-drop-cap-view-default) .elementor-drop-cap{margin-top:8px}.elementor-widget-text-editor:not(.elementor-drop-cap-view-default) .elementor-drop-cap-letter{width:1em;height:1em}.elementor-widget-text-editor .elementor-drop-cap{float:left;text-align:center;line-height:1;font-size:50px}.elementor-widget-text-editor .elementor-drop-cap-letter{display:inline-block}<\/style>\t\t\t\t<p>Na\u0161a spolo\u010dnos\u0165 m\u00e1 s\u00eddlo v Ko\u0161iciach. Od svojho vzniku sa \u0161pecializujeme na v\u00fdrobu a kompletn\u00fa mont\u00e1\u017e zrubov\u00fdch domov a in\u00fdch stavieb z mas\u00edvu. <br \/>Zaober\u00e1me sa v\u00fdrobou celoro\u010dne ob\u00fdvate\u013en\u00fdch zrubov\u00fdch ch\u00e1t, z\u00e1hradn\u00fdch chatiek, v\u00fdrobou a mont\u00e1\u017eou krovov\u00fdch kon\u0161trukci\u00ed s <br \/>gu\u013eatiny vr\u00e1tane pokrytia, alt\u00e1nky, sauny, z\u00e1hradn\u00e9 sedenia, schody a z\u00e1bradlia.<br \/>Zhotovujeme krovy na mieru pre r\u00f4zne typy stavieb, r\u00f4znych ve\u013ekost\u00ed pod\u013ea dodanej projektovej dokument\u00e1cie, alebo po\u017eiadavky z\u00e1kazn\u00edka.<br \/>Na v\u00fdstavbu zrubov\u00fdch ch\u00e1t pou\u017e\u00edvame technol\u00f3gie vyu\u017e\u00edvaj\u00face ru\u010dn\u00e9 opracovanie z gu\u013eatiny stredov\u00e9ho priemeru 250 \u2013 400 mm (pod\u013ea po\u017eiadaviek z\u00e1kazn\u00edka).<\/p><p><br \/>Najbe\u017enej\u0161ia hr\u00fabka gu\u013eatiny je 280 mm, 320 mm vo v\u00fdnimo\u010dn\u00fdch pr\u00edpadoch aj v\u00e4\u010d\u0161ia meran\u00e1 v strede kme\u0148a&#8230;&#8230;&#8230;&#8230;.<br \/>Nami vyr\u00e1ban\u00e9 zrubov\u00e9 stavby zodpovedaj\u00fa v rozsahu technick\u00fdch po\u017eiadaviek vydan\u00e9mu stavebno-technick\u00e9mu osved\u010deniu a ka\u017edoro\u010dn\u00e9mu doh\u013eadu zo strany <br \/>certifika\u010dnej organiz\u00e1cie. Sp\u013a\u0148aj\u00fa bezpe\u010dnostn\u00e9 a energetick\u00e9 normy najnov\u0161\u00edch \u0161tandardov. Po\u017eiarna odolnos\u0165 sp\u013a\u0148a najnov\u0161ie eur\u00f3pske po\u017eiadavky po\u017eiarnej odolnosti.<\/p><p><br \/><strong>V\u0161etky stavebn\u00e9 materi\u00e1ly pou\u017eit\u00e9 pri v\u00fdstavbe na\u0161ich zrubov\u00fdch stavieb maj\u00fa eur\u00f3pske stavebn\u00e9 certifik\u00e1ty.<\/strong><br \/>Porad\u00edme v\u00e1m pri v\u00fdbere, navrhneme \u00fapravy presne pod\u013ea va\u0161ich po\u017eiadaviek, dod\u00e1me a zmontujeme.<\/p>\t\t\t\t\t\t<\/div>\n\t\t\t\t<\/div>\n\t\t\t\t\t<\/div>\n\t\t<\/div>\n\t\t\t\t\t\t\t<\/div>\n\t\t<\/section>\n\t\t\t\t<section class=\"elementor-section elementor-top-section elementor-element elementor-element-6e26f34 elementor-section-boxed elementor-section-height-default elementor-section-height-default\" data-id=\"6e26f34\" data-element_type=\"section\">\n\t\t\t\t\t\t<div class=\"elementor-container elementor-column-gap-default\">\n\t\t\t\t\t<div class=\"elementor-column elementor-col-100 elementor-top-column elementor-element elementor-element-e9fc07b\" data-id=\"e9fc07b\" data-element_type=\"column\">\n\t\t\t<div class=\"elementor-widget-wrap elementor-element-populated\">\n\t\t\t\t\t\t\t\t<div class=\"elementor-element elementor-element-6ae69bb elementor-invisible elementor-widget elementor-widget-text-editor\" data-id=\"6ae69bb\" data-element_type=\"widget\" data-settings=\"{&quot;_animation&quot;:&quot;fadeIn&quot;}\" data-widget_type=\"text-editor.default\">\n\t\t\t\t<div class=\"elementor-widget-container\">\n\t\t\t\t\t\t\t<p>Objedn\u00e1vky a inform\u00e1cie:<br \/>Tel.: 0948 381 366<\/p>\t\t\t\t\t\t<\/div>\n\t\t\t\t<\/div>\n\t\t\t\t\t<\/div>\n\t\t<\/div>\n\t\t\t\t\t\t\t<\/div>\n\t\t<\/section>\n\t\t\t\t<section class=\"elementor-section elementor-top-section elementor-element elementor-element-dfa278b elementor-section-boxed elementor-section-height-default elementor-section-height-default\" data-id=\"dfa278b\" data-element_type=\"section\">\n\t\t\t\t\t\t<div class=\"elementor-container elementor-column-gap-default\">\n\t\t\t\t\t<div class=\"elementor-column elementor-col-100 elementor-top-column elementor-element elementor-element-f139cf4\" data-id=\"f139cf4\" data-element_type=\"column\">\n\t\t\t<div class=\"elementor-widget-wrap elementor-element-populated\">\n\t\t\t\t\t\t\t\t<div class=\"elementor-element elementor-element-4b36a87 elementor-widget elementor-widget-spacer\" data-id=\"4b36a87\" data-element_type=\"widget\" data-widget_type=\"spacer.default\">\n\t\t\t\t<div class=\"elementor-widget-container\">\n\t\t\t<style>\/*! elementor - v3.11.2 - 22-02-2023 *\/\n.elementor-column .elementor-spacer-inner{height:var(--spacer-size)}.e-con{--container-widget-width:100%}.e-con-inner>.elementor-widget-spacer,.e-con>.elementor-widget-spacer{width:var(--container-widget-width,var(--spacer-size));--align-self:var(--container-widget-align-self,initial);--flex-shrink:0}.e-con-inner>.elementor-widget-spacer>.elementor-widget-container,.e-con-inner>.elementor-widget-spacer>.elementor-widget-container>.elementor-spacer,.e-con>.elementor-widget-spacer>.elementor-widget-container,.e-con>.elementor-widget-spacer>.elementor-widget-container>.elementor-spacer{height:100%}.e-con-inner>.elementor-widget-spacer>.elementor-widget-container>.elementor-spacer>.elementor-spacer-inner,.e-con>.elementor-widget-spacer>.elementor-widget-container>.elementor-spacer>.elementor-spacer-inner{height:var(--container-widget-height,var(--spacer-size))}<\/style>\t\t<div class=\"elementor-spacer\">\n\t\t\t<div class=\"elementor-spacer-inner\"><\/div>\n\t\t<\/div>\n\t\t\t\t<\/div>\n\t\t\t\t<\/div>\n\t\t\t\t\t<\/div>\n\t\t<\/div>\n\t\t\t\t\t\t\t<\/div>\n\t\t<\/section>\n\t\t\t\t\t\t\t<\/div>\n\t\t","protected":false},"excerpt":{"rendered":"<p>O n\u00e1s Na\u0161a spolo\u010dnos\u0165 m\u00e1 s\u00eddlo v Ko\u0161iciach. Od svojho vzniku sa \u0161pecializujeme na v\u00fdrobu a kompletn\u00fa mont\u00e1\u017e zrubov\u00fdch domov a in\u00fdch stavieb z mas\u00edvu. Zaober\u00e1me sa v\u00fdrobou celoro\u010dne ob\u00fdvate\u013en\u00fdch zrubov\u00fdch ch\u00e1t, z\u00e1hradn\u00fdch chatiek, v\u00fdrobou a mont\u00e1\u017eou krovov\u00fdch kon\u0161trukci\u00ed s gu\u013eatiny vr\u00e1tane pokrytia, alt\u00e1nky, sauny, z\u00e1hradn\u00e9 sedenia, schody a z\u00e1bradlia.Zhotovujeme krovy na mieru pre r\u00f4zne [&hellip;]<\/p>\n","protected":false},"author":1,"featured_media":0,"parent":0,"menu_order":0,"comment_status":"closed","ping_status":"closed","template":"elementor_header_footer","meta":{"footnotes":""},"class_list":["post-105","page","type-page","status-publish","hentry"],"yoast_head":"<!-- This site is optimized with the Yoast SEO plugin v27.1.1 - https:\/\/yoast.com\/product\/yoast-seo-wordpress\/ -->\n<title>O n\u00e1s - drevodomykosice<\/title>\n<meta name=\"robots\" content=\"index, follow, max-snippet:-1, max-image-preview:large, max-video-preview:-1\" \/>\n<link rel=\"canonical\" href=\"https:\/\/www.drevodomykosice.sk\/index.php\/o-nas\/\" \/>\n<meta property=\"og:locale\" content=\"sk_SK\" \/>\n<meta property=\"og:type\" content=\"article\" \/>\n<meta property=\"og:title\" content=\"O n\u00e1s - drevodomykosice\" \/>\n<meta property=\"og:description\" content=\"O n\u00e1s Na\u0161a spolo\u010dnos\u0165 m\u00e1 s\u00eddlo v Ko\u0161iciach. Od svojho vzniku sa \u0161pecializujeme na v\u00fdrobu a kompletn\u00fa mont\u00e1\u017e zrubov\u00fdch domov a in\u00fdch stavieb z mas\u00edvu. Zaober\u00e1me sa v\u00fdrobou celoro\u010dne ob\u00fdvate\u013en\u00fdch zrubov\u00fdch ch\u00e1t, z\u00e1hradn\u00fdch chatiek, v\u00fdrobou a mont\u00e1\u017eou krovov\u00fdch kon\u0161trukci\u00ed s gu\u013eatiny vr\u00e1tane pokrytia, alt\u00e1nky, sauny, z\u00e1hradn\u00e9 sedenia, schody a z\u00e1bradlia.Zhotovujeme krovy na mieru pre r\u00f4zne [&hellip;]\" \/>\n<meta property=\"og:url\" content=\"https:\/\/www.drevodomykosice.sk\/index.php\/o-nas\/\" \/>\n<meta property=\"og:site_name\" content=\"drevodomykosice\" \/>\n<meta property=\"article:modified_time\" content=\"2023-12-05T00:33:08+00:00\" \/>\n<meta name=\"twitter:card\" content=\"summary_large_image\" \/>\n<meta name=\"twitter:label1\" content=\"Predpokladan\u00fd \u010das \u010d\u00edtania\" \/>\n\t<meta name=\"twitter:data1\" content=\"1 min\u00fata\" \/>\n<script type=\"application\/ld+json\" class=\"yoast-schema-graph\">{\"@context\":\"https:\/\/schema.org\",\"@graph\":[{\"@type\":\"WebPage\",\"@id\":\"https:\/\/www.drevodomykosice.sk\/index.php\/o-nas\/\",\"url\":\"https:\/\/www.drevodomykosice.sk\/index.php\/o-nas\/\",\"name\":\"O n\u00e1s - drevodomykosice\",\"isPartOf\":{\"@id\":\"https:\/\/www.drevodomykosice.sk\/#website\"},\"datePublished\":\"2023-12-03T08:29:43+00:00\",\"dateModified\":\"2023-12-05T00:33:08+00:00\",\"breadcrumb\":{\"@id\":\"https:\/\/www.drevodomykosice.sk\/index.php\/o-nas\/#breadcrumb\"},\"inLanguage\":\"sk-SK\",\"potentialAction\":[{\"@type\":\"ReadAction\",\"target\":[\"https:\/\/www.drevodomykosice.sk\/index.php\/o-nas\/\"]}]},{\"@type\":\"BreadcrumbList\",\"@id\":\"https:\/\/www.drevodomykosice.sk\/index.php\/o-nas\/#breadcrumb\",\"itemListElement\":[{\"@type\":\"ListItem\",\"position\":1,\"name\":\"Domovsk\u00e1 str\u00e1nka\",\"item\":\"https:\/\/www.drevodomykosice.sk\/\"},{\"@type\":\"ListItem\",\"position\":2,\"name\":\"O n\u00e1s\"}]},{\"@type\":\"WebSite\",\"@id\":\"https:\/\/www.drevodomykosice.sk\/#website\",\"url\":\"https:\/\/www.drevodomykosice.sk\/\",\"name\":\"drevodomykosice\",\"description\":\"\",\"publisher\":{\"@id\":\"https:\/\/www.drevodomykosice.sk\/#organization\"},\"potentialAction\":[{\"@type\":\"SearchAction\",\"target\":{\"@type\":\"EntryPoint\",\"urlTemplate\":\"https:\/\/www.drevodomykosice.sk\/?s={search_term_string}\"},\"query-input\":{\"@type\":\"PropertyValueSpecification\",\"valueRequired\":true,\"valueName\":\"search_term_string\"}}],\"inLanguage\":\"sk-SK\"},{\"@type\":\"Organization\",\"@id\":\"https:\/\/www.drevodomykosice.sk\/#organization\",\"name\":\"drevodomykosice\",\"url\":\"https:\/\/www.drevodomykosice.sk\/\",\"logo\":{\"@type\":\"ImageObject\",\"inLanguage\":\"sk-SK\",\"@id\":\"https:\/\/www.drevodomykosice.sk\/#\/schema\/logo\/image\/\",\"url\":\"https:\/\/www.drevodomykosice.sk\/wp-content\/uploads\/2023\/12\/cropped-fav.png\",\"contentUrl\":\"https:\/\/www.drevodomykosice.sk\/wp-content\/uploads\/2023\/12\/cropped-fav.png\",\"width\":500,\"height\":469,\"caption\":\"drevodomykosice\"},\"image\":{\"@id\":\"https:\/\/www.drevodomykosice.sk\/#\/schema\/logo\/image\/\"}}]}<\/script>\n<!-- \/ Yoast SEO plugin. -->","yoast_head_json":{"title":"O n\u00e1s - drevodomykosice","robots":{"index":"index","follow":"follow","max-snippet":"max-snippet:-1","max-image-preview":"max-image-preview:large","max-video-preview":"max-video-preview:-1"},"canonical":"https:\/\/www.drevodomykosice.sk\/index.php\/o-nas\/","og_locale":"sk_SK","og_type":"article","og_title":"O n\u00e1s - drevodomykosice","og_description":"O n\u00e1s Na\u0161a spolo\u010dnos\u0165 m\u00e1 s\u00eddlo v Ko\u0161iciach. Od svojho vzniku sa \u0161pecializujeme na v\u00fdrobu a kompletn\u00fa mont\u00e1\u017e zrubov\u00fdch domov a in\u00fdch stavieb z mas\u00edvu. Zaober\u00e1me sa v\u00fdrobou celoro\u010dne ob\u00fdvate\u013en\u00fdch zrubov\u00fdch ch\u00e1t, z\u00e1hradn\u00fdch chatiek, v\u00fdrobou a mont\u00e1\u017eou krovov\u00fdch kon\u0161trukci\u00ed s gu\u013eatiny vr\u00e1tane pokrytia, alt\u00e1nky, sauny, z\u00e1hradn\u00e9 sedenia, schody a z\u00e1bradlia.Zhotovujeme krovy na mieru pre r\u00f4zne [&hellip;]","og_url":"https:\/\/www.drevodomykosice.sk\/index.php\/o-nas\/","og_site_name":"drevodomykosice","article_modified_time":"2023-12-05T00:33:08+00:00","twitter_card":"summary_large_image","twitter_misc":{"Predpokladan\u00fd \u010das \u010d\u00edtania":"1 min\u00fata"},"schema":{"@context":"https:\/\/schema.org","@graph":[{"@type":"WebPage","@id":"https:\/\/www.drevodomykosice.sk\/index.php\/o-nas\/","url":"https:\/\/www.drevodomykosice.sk\/index.php\/o-nas\/","name":"O n\u00e1s - drevodomykosice","isPartOf":{"@id":"https:\/\/www.drevodomykosice.sk\/#website"},"datePublished":"2023-12-03T08:29:43+00:00","dateModified":"2023-12-05T00:33:08+00:00","breadcrumb":{"@id":"https:\/\/www.drevodomykosice.sk\/index.php\/o-nas\/#breadcrumb"},"inLanguage":"sk-SK","potentialAction":[{"@type":"ReadAction","target":["https:\/\/www.drevodomykosice.sk\/index.php\/o-nas\/"]}]},{"@type":"BreadcrumbList","@id":"https:\/\/www.drevodomykosice.sk\/index.php\/o-nas\/#breadcrumb","itemListElement":[{"@type":"ListItem","position":1,"name":"Domovsk\u00e1 str\u00e1nka","item":"https:\/\/www.drevodomykosice.sk\/"},{"@type":"ListItem","position":2,"name":"O n\u00e1s"}]},{"@type":"WebSite","@id":"https:\/\/www.drevodomykosice.sk\/#website","url":"https:\/\/www.drevodomykosice.sk\/","name":"drevodomykosice","description":"","publisher":{"@id":"https:\/\/www.drevodomykosice.sk\/#organization"},"potentialAction":[{"@type":"SearchAction","target":{"@type":"EntryPoint","urlTemplate":"https:\/\/www.drevodomykosice.sk\/?s={search_term_string}"},"query-input":{"@type":"PropertyValueSpecification","valueRequired":true,"valueName":"search_term_string"}}],"inLanguage":"sk-SK"},{"@type":"Organization","@id":"https:\/\/www.drevodomykosice.sk\/#organization","name":"drevodomykosice","url":"https:\/\/www.drevodomykosice.sk\/","logo":{"@type":"ImageObject","inLanguage":"sk-SK","@id":"https:\/\/www.drevodomykosice.sk\/#\/schema\/logo\/image\/","url":"https:\/\/www.drevodomykosice.sk\/wp-content\/uploads\/2023\/12\/cropped-fav.png","contentUrl":"https:\/\/www.drevodomykosice.sk\/wp-content\/uploads\/2023\/12\/cropped-fav.png","width":500,"height":469,"caption":"drevodomykosice"},"image":{"@id":"https:\/\/www.drevodomykosice.sk\/#\/schema\/logo\/image\/"}}]}},"_links":{"self":[{"href":"https:\/\/www.drevodomykosice.sk\/index.php\/wp-json\/wp\/v2\/pages\/105","targetHints":{"allow":["GET"]}}],"collection":[{"href":"https:\/\/www.drevodomykosice.sk\/index.php\/wp-json\/wp\/v2\/pages"}],"about":[{"href":"https:\/\/www.drevodomykosice.sk\/index.php\/wp-json\/wp\/v2\/types\/page"}],"author":[{"embeddable":true,"href":"https:\/\/www.drevodomykosice.sk\/index.php\/wp-json\/wp\/v2\/users\/1"}],"replies":[{"embeddable":true,"href":"https:\/\/www.drevodomykosice.sk\/index.php\/wp-json\/wp\/v2\/comments?post=105"}],"version-history":[{"count":35,"href":"https:\/\/www.drevodomykosice.sk\/index.php\/wp-json\/wp\/v2\/pages\/105\/revisions"}],"predecessor-version":[{"id":682,"href":"https:\/\/www.drevodomykosice.sk\/index.php\/wp-json\/wp\/v2\/pages\/105\/revisions\/682"}],"wp:attachment":[{"href":"https:\/\/www.drevodomykosice.sk\/index.php\/wp-json\/wp\/v2\/media?parent=105"}],"curies":[{"name":"wp","href":"https:\/\/api.w.org\/{rel}","templated":true}]}}