{"id":151,"date":"2023-12-03T10:39:03","date_gmt":"2023-12-03T09:39:03","guid":{"rendered":"https:\/\/www.drevodomykosice.sk\/?page_id=151"},"modified":"2024-03-18T23:04:41","modified_gmt":"2024-03-18T22:04:41","slug":"kontakt","status":"publish","type":"page","link":"https:\/\/www.drevodomykosice.sk\/index.php\/kontakt\/","title":{"rendered":"Kontakt"},"content":{"rendered":"\t\t<div data-elementor-type=\"wp-page\" data-elementor-id=\"151\" class=\"elementor elementor-151\">\n\t\t\t\t\t\t\t\t\t<section class=\"elementor-section elementor-top-section elementor-element elementor-element-bc96f11 elementor-section-boxed elementor-section-height-default elementor-section-height-default\" data-id=\"bc96f11\" data-element_type=\"section\">\n\t\t\t\t\t\t<div class=\"elementor-container elementor-column-gap-default\">\n\t\t\t\t\t<div class=\"elementor-column elementor-col-100 elementor-top-column elementor-element elementor-element-94e9b07\" data-id=\"94e9b07\" data-element_type=\"column\">\n\t\t\t<div class=\"elementor-widget-wrap elementor-element-populated\">\n\t\t\t\t\t\t\t\t<div class=\"elementor-element elementor-element-70a8a64 elementor-widget elementor-widget-heading\" data-id=\"70a8a64\" data-element_type=\"widget\" data-widget_type=\"heading.default\">\n\t\t\t\t<div class=\"elementor-widget-container\">\n\t\t\t<style>\/*! elementor - v3.11.2 - 22-02-2023 *\/\n.elementor-heading-title{padding:0;margin:0;line-height:1}.elementor-widget-heading .elementor-heading-title[class*=elementor-size-]>a{color:inherit;font-size:inherit;line-height:inherit}.elementor-widget-heading .elementor-heading-title.elementor-size-small{font-size:15px}.elementor-widget-heading .elementor-heading-title.elementor-size-medium{font-size:19px}.elementor-widget-heading .elementor-heading-title.elementor-size-large{font-size:29px}.elementor-widget-heading .elementor-heading-title.elementor-size-xl{font-size:39px}.elementor-widget-heading .elementor-heading-title.elementor-size-xxl{font-size:59px}<\/style><h2 class=\"elementor-heading-title elementor-size-default\">Kontakt<\/h2>\t\t<\/div>\n\t\t\t\t<\/div>\n\t\t\t\t\t<\/div>\n\t\t<\/div>\n\t\t\t\t\t\t\t<\/div>\n\t\t<\/section>\n\t\t\t\t<section class=\"elementor-section elementor-top-section elementor-element elementor-element-ea6b276 elementor-section-boxed elementor-section-height-default elementor-section-height-default\" data-id=\"ea6b276\" data-element_type=\"section\">\n\t\t\t\t\t\t<div class=\"elementor-container elementor-column-gap-default\">\n\t\t\t\t\t<div class=\"elementor-column elementor-col-50 elementor-top-column elementor-element elementor-element-8fcdead\" data-id=\"8fcdead\" data-element_type=\"column\">\n\t\t\t<div class=\"elementor-widget-wrap elementor-element-populated\">\n\t\t\t\t\t\t\t\t<section class=\"elementor-section elementor-inner-section elementor-element elementor-element-25422c4 elementor-section-boxed elementor-section-height-default elementor-section-height-default\" data-id=\"25422c4\" data-element_type=\"section\">\n\t\t\t\t\t\t<div class=\"elementor-container elementor-column-gap-default\">\n\t\t\t\t\t<div class=\"elementor-column elementor-col-100 elementor-inner-column elementor-element elementor-element-1d35c0a\" data-id=\"1d35c0a\" data-element_type=\"column\">\n\t\t\t<div class=\"elementor-widget-wrap elementor-element-populated\">\n\t\t\t\t\t\t\t\t<div class=\"elementor-element elementor-element-3698cfd elementor-invisible elementor-widget elementor-widget-text-editor\" data-id=\"3698cfd\" data-element_type=\"widget\" data-settings=\"{&quot;_animation&quot;:&quot;fadeInLeft&quot;}\" data-widget_type=\"text-editor.default\">\n\t\t\t\t<div class=\"elementor-widget-container\">\n\t\t\t<style>\/*! elementor - v3.11.2 - 22-02-2023 *\/\n.elementor-widget-text-editor.elementor-drop-cap-view-stacked .elementor-drop-cap{background-color:#818a91;color:#fff}.elementor-widget-text-editor.elementor-drop-cap-view-framed .elementor-drop-cap{color:#818a91;border:3px solid;background-color:transparent}.elementor-widget-text-editor:not(.elementor-drop-cap-view-default) .elementor-drop-cap{margin-top:8px}.elementor-widget-text-editor:not(.elementor-drop-cap-view-default) .elementor-drop-cap-letter{width:1em;height:1em}.elementor-widget-text-editor .elementor-drop-cap{float:left;text-align:center;line-height:1;font-size:50px}.elementor-widget-text-editor .elementor-drop-cap-letter{display:inline-block}<\/style>\t\t\t\t<p>Kontaktn\u00e1 adresa: ALGOTRADE s.r.o., Gork\u00e9ho 1773\/9, 04001 Ko\u0161ice &#8211; Star\u00e9 Mesto<br \/>I\u010cO: 54326320<br \/>DI\u010c: 2121626419<br \/>Tel: +421 949 353 068<\/p><p>Email: <span style=\"color: #ffffff;\"><a style=\"color: #ffffff;\" href=\"mailto:drevodomy.kosice@gmail.com\" target=\"_blank\" rel=\"noopener\">drevodomy.kosice@gmail.com<\/a><\/span><br \/>Facebook: <a href=\"https:\/\/www.facebook.com\/groups\/513096473787520\" target=\"_blank\" rel=\"noopener\"><span style=\"color: #3366ff;\">Drevodomykosice.sk<\/span><\/a><\/p>\t\t\t\t\t\t<\/div>\n\t\t\t\t<\/div>\n\t\t\t\t<div class=\"elementor-element elementor-element-84ae5d9 elementor-view-stacked elementor-shape-circle elementor-widget elementor-widget-icon\" data-id=\"84ae5d9\" data-element_type=\"widget\" data-widget_type=\"icon.default\">\n\t\t\t\t<div class=\"elementor-widget-container\">\n\t\t\t\t\t<div class=\"elementor-icon-wrapper\">\n\t\t\t<a class=\"elementor-icon elementor-animation-pulse\" href=\"https:\/\/www.facebook.com\/groups\/513096473787520\" target=\"_blank\">\n\t\t\t<i aria-hidden=\"true\" class=\"fab fa-facebook-f\"><\/i>\t\t\t<\/a>\n\t\t<\/div>\n\t\t\t\t<\/div>\n\t\t\t\t<\/div>\n\t\t\t\t\t<\/div>\n\t\t<\/div>\n\t\t\t\t\t\t\t<\/div>\n\t\t<\/section>\n\t\t\t\t\t<\/div>\n\t\t<\/div>\n\t\t\t\t<div class=\"elementor-column elementor-col-50 elementor-top-column elementor-element elementor-element-33a01a3\" data-id=\"33a01a3\" data-element_type=\"column\">\n\t\t\t<div class=\"elementor-widget-wrap elementor-element-populated\">\n\t\t\t\t\t\t\t\t<div class=\"elementor-element elementor-element-142b568 elementor-invisible elementor-widget elementor-widget-image\" data-id=\"142b568\" data-element_type=\"widget\" data-settings=\"{&quot;motion_fx_motion_fx_mouse&quot;:&quot;yes&quot;,&quot;_animation&quot;:&quot;fadeIn&quot;}\" data-widget_type=\"image.default\">\n\t\t\t\t<div class=\"elementor-widget-container\">\n\t\t\t<style>\/*! elementor - v3.11.2 - 22-02-2023 *\/\n.elementor-widget-image{text-align:center}.elementor-widget-image a{display:inline-block}.elementor-widget-image a img[src$=\".svg\"]{width:48px}.elementor-widget-image img{vertical-align:middle;display:inline-block}<\/style>\t\t\t\t\t\t\t\t\t\t\t\t<img loading=\"lazy\" decoding=\"async\" width=\"227\" height=\"227\" src=\"https:\/\/www.drevodomykosice.sk\/wp-content\/uploads\/2024\/03\/qr-code-1.jpg\" class=\"attachment-large size-large wp-image-1148\" alt=\"\" srcset=\"https:\/\/www.drevodomykosice.sk\/wp-content\/uploads\/2024\/03\/qr-code-1.jpg 227w, https:\/\/www.drevodomykosice.sk\/wp-content\/uploads\/2024\/03\/qr-code-1-150x150.jpg 150w\" sizes=\"auto, (max-width: 227px) 100vw, 227px\" \/>\t\t\t\t\t\t\t\t\t\t\t\t\t\t\t<\/div>\n\t\t\t\t<\/div>\n\t\t\t\t\t<\/div>\n\t\t<\/div>\n\t\t\t\t\t\t\t<\/div>\n\t\t<\/section>\n\t\t\t\t<section class=\"elementor-section elementor-top-section elementor-element elementor-element-41fd8bc elementor-section-boxed elementor-section-height-default elementor-section-height-default\" data-id=\"41fd8bc\" data-element_type=\"section\">\n\t\t\t\t\t\t<div class=\"elementor-container elementor-column-gap-default\">\n\t\t\t\t\t<div class=\"elementor-column elementor-col-100 elementor-top-column elementor-element elementor-element-65455b4\" data-id=\"65455b4\" data-element_type=\"column\">\n\t\t\t<div class=\"elementor-widget-wrap elementor-element-populated\">\n\t\t\t\t\t\t\t\t<div class=\"elementor-element elementor-element-01b408e elementor-widget elementor-widget-google_maps\" data-id=\"01b408e\" data-element_type=\"widget\" data-widget_type=\"google_maps.default\">\n\t\t\t\t<div class=\"elementor-widget-container\">\n\t\t\t<style>\/*! elementor - v3.11.2 - 22-02-2023 *\/\n.elementor-widget-google_maps .elementor-widget-container{overflow:hidden}.elementor-widget-google_maps .elementor-custom-embed{line-height:0}.elementor-widget-google_maps iframe{height:300px}<\/style>\t\t<div class=\"elementor-custom-embed\">\n\t\t\t<iframe loading=\"lazy\"\n\t\t\t\t\tsrc=\"https:\/\/maps.google.com\/maps?q=Gork%C3%A9ho%209%2C%20Ko%C5%A1ice%2C%20Slovensko&#038;t=m&#038;z=16&#038;output=embed&#038;iwloc=near\"\n\t\t\t\t\ttitle=\"Gork\u00e9ho 9, Ko\u0161ice, Slovensko\"\n\t\t\t\t\taria-label=\"Gork\u00e9ho 9, Ko\u0161ice, Slovensko\"\n\t\t\t><\/iframe>\n\t\t<\/div>\n\t\t\t\t<\/div>\n\t\t\t\t<\/div>\n\t\t\t\t\t<\/div>\n\t\t<\/div>\n\t\t\t\t\t\t\t<\/div>\n\t\t<\/section>\n\t\t\t\t<section class=\"elementor-section elementor-top-section elementor-element elementor-element-727c3bd elementor-section-boxed elementor-section-height-default elementor-section-height-default\" data-id=\"727c3bd\" data-element_type=\"section\">\n\t\t\t\t\t\t<div class=\"elementor-container elementor-column-gap-default\">\n\t\t\t\t\t<div class=\"elementor-column elementor-col-100 elementor-top-column elementor-element elementor-element-7fd417c\" data-id=\"7fd417c\" data-element_type=\"column\">\n\t\t\t<div class=\"elementor-widget-wrap elementor-element-populated\">\n\t\t\t\t\t\t\t\t<div class=\"elementor-element elementor-element-8dd89f6 elementor-widget elementor-widget-spacer\" data-id=\"8dd89f6\" data-element_type=\"widget\" data-widget_type=\"spacer.default\">\n\t\t\t\t<div class=\"elementor-widget-container\">\n\t\t\t<style>\/*! elementor - v3.11.2 - 22-02-2023 *\/\n.elementor-column .elementor-spacer-inner{height:var(--spacer-size)}.e-con{--container-widget-width:100%}.e-con-inner>.elementor-widget-spacer,.e-con>.elementor-widget-spacer{width:var(--container-widget-width,var(--spacer-size));--align-self:var(--container-widget-align-self,initial);--flex-shrink:0}.e-con-inner>.elementor-widget-spacer>.elementor-widget-container,.e-con-inner>.elementor-widget-spacer>.elementor-widget-container>.elementor-spacer,.e-con>.elementor-widget-spacer>.elementor-widget-container,.e-con>.elementor-widget-spacer>.elementor-widget-container>.elementor-spacer{height:100%}.e-con-inner>.elementor-widget-spacer>.elementor-widget-container>.elementor-spacer>.elementor-spacer-inner,.e-con>.elementor-widget-spacer>.elementor-widget-container>.elementor-spacer>.elementor-spacer-inner{height:var(--container-widget-height,var(--spacer-size))}<\/style>\t\t<div class=\"elementor-spacer\">\n\t\t\t<div class=\"elementor-spacer-inner\"><\/div>\n\t\t<\/div>\n\t\t\t\t<\/div>\n\t\t\t\t<\/div>\n\t\t\t\t\t<\/div>\n\t\t<\/div>\n\t\t\t\t\t\t\t<\/div>\n\t\t<\/section>\n\t\t\t\t\t\t\t<\/div>\n\t\t","protected":false},"excerpt":{"rendered":"<p>Kontakt Kontaktn\u00e1 adresa: ALGOTRADE s.r.o., Gork\u00e9ho 1773\/9, 04001 Ko\u0161ice &#8211; Star\u00e9 MestoI\u010cO: 54326320DI\u010c: 2121626419Tel: +421 949 353 068 Email: drevodomy.kosice@gmail.comFacebook: Drevodomykosice.sk<\/p>\n","protected":false},"author":1,"featured_media":0,"parent":0,"menu_order":0,"comment_status":"closed","ping_status":"closed","template":"elementor_header_footer","meta":{"footnotes":""},"class_list":["post-151","page","type-page","status-publish","hentry"],"yoast_head":"<!-- This site is optimized with the Yoast SEO plugin v27.1.1 - https:\/\/yoast.com\/product\/yoast-seo-wordpress\/ -->\n<title>Kontakt - drevodomykosice<\/title>\n<meta name=\"robots\" content=\"index, follow, max-snippet:-1, max-image-preview:large, max-video-preview:-1\" \/>\n<link rel=\"canonical\" href=\"https:\/\/www.drevodomykosice.sk\/index.php\/kontakt\/\" \/>\n<meta property=\"og:locale\" content=\"sk_SK\" \/>\n<meta property=\"og:type\" content=\"article\" \/>\n<meta property=\"og:title\" content=\"Kontakt - drevodomykosice\" \/>\n<meta property=\"og:description\" content=\"Kontakt Kontaktn\u00e1 adresa: ALGOTRADE s.r.o., Gork\u00e9ho 1773\/9, 04001 Ko\u0161ice &#8211; Star\u00e9 MestoI\u010cO: 54326320DI\u010c: 2121626419Tel: +421 949 353 068 Email: drevodomy.kosice@gmail.comFacebook: Drevodomykosice.sk\" \/>\n<meta property=\"og:url\" content=\"https:\/\/www.drevodomykosice.sk\/index.php\/kontakt\/\" \/>\n<meta property=\"og:site_name\" content=\"drevodomykosice\" \/>\n<meta property=\"article:modified_time\" content=\"2024-03-18T22:04:41+00:00\" \/>\n<meta property=\"og:image\" content=\"https:\/\/www.drevodomykosice.sk\/wp-content\/uploads\/2024\/03\/qr-code-1.jpg\" \/>\n<meta name=\"twitter:card\" content=\"summary_large_image\" \/>\n<script type=\"application\/ld+json\" class=\"yoast-schema-graph\">{\"@context\":\"https:\/\/schema.org\",\"@graph\":[{\"@type\":\"WebPage\",\"@id\":\"https:\/\/www.drevodomykosice.sk\/index.php\/kontakt\/\",\"url\":\"https:\/\/www.drevodomykosice.sk\/index.php\/kontakt\/\",\"name\":\"Kontakt - drevodomykosice\",\"isPartOf\":{\"@id\":\"https:\/\/www.drevodomykosice.sk\/#website\"},\"primaryImageOfPage\":{\"@id\":\"https:\/\/www.drevodomykosice.sk\/index.php\/kontakt\/#primaryimage\"},\"image\":{\"@id\":\"https:\/\/www.drevodomykosice.sk\/index.php\/kontakt\/#primaryimage\"},\"thumbnailUrl\":\"https:\/\/www.drevodomykosice.sk\/wp-content\/uploads\/2024\/03\/qr-code-1.jpg\",\"datePublished\":\"2023-12-03T09:39:03+00:00\",\"dateModified\":\"2024-03-18T22:04:41+00:00\",\"breadcrumb\":{\"@id\":\"https:\/\/www.drevodomykosice.sk\/index.php\/kontakt\/#breadcrumb\"},\"inLanguage\":\"sk-SK\",\"potentialAction\":[{\"@type\":\"ReadAction\",\"target\":[\"https:\/\/www.drevodomykosice.sk\/index.php\/kontakt\/\"]}]},{\"@type\":\"ImageObject\",\"inLanguage\":\"sk-SK\",\"@id\":\"https:\/\/www.drevodomykosice.sk\/index.php\/kontakt\/#primaryimage\",\"url\":\"https:\/\/www.drevodomykosice.sk\/wp-content\/uploads\/2024\/03\/qr-code-1.jpg\",\"contentUrl\":\"https:\/\/www.drevodomykosice.sk\/wp-content\/uploads\/2024\/03\/qr-code-1.jpg\",\"width\":227,\"height\":227},{\"@type\":\"BreadcrumbList\",\"@id\":\"https:\/\/www.drevodomykosice.sk\/index.php\/kontakt\/#breadcrumb\",\"itemListElement\":[{\"@type\":\"ListItem\",\"position\":1,\"name\":\"Domovsk\u00e1 str\u00e1nka\",\"item\":\"https:\/\/www.drevodomykosice.sk\/\"},{\"@type\":\"ListItem\",\"position\":2,\"name\":\"Kontakt\"}]},{\"@type\":\"WebSite\",\"@id\":\"https:\/\/www.drevodomykosice.sk\/#website\",\"url\":\"https:\/\/www.drevodomykosice.sk\/\",\"name\":\"drevodomykosice\",\"description\":\"\",\"publisher\":{\"@id\":\"https:\/\/www.drevodomykosice.sk\/#organization\"},\"potentialAction\":[{\"@type\":\"SearchAction\",\"target\":{\"@type\":\"EntryPoint\",\"urlTemplate\":\"https:\/\/www.drevodomykosice.sk\/?s={search_term_string}\"},\"query-input\":{\"@type\":\"PropertyValueSpecification\",\"valueRequired\":true,\"valueName\":\"search_term_string\"}}],\"inLanguage\":\"sk-SK\"},{\"@type\":\"Organization\",\"@id\":\"https:\/\/www.drevodomykosice.sk\/#organization\",\"name\":\"drevodomykosice\",\"url\":\"https:\/\/www.drevodomykosice.sk\/\",\"logo\":{\"@type\":\"ImageObject\",\"inLanguage\":\"sk-SK\",\"@id\":\"https:\/\/www.drevodomykosice.sk\/#\/schema\/logo\/image\/\",\"url\":\"https:\/\/www.drevodomykosice.sk\/wp-content\/uploads\/2023\/12\/cropped-fav.png\",\"contentUrl\":\"https:\/\/www.drevodomykosice.sk\/wp-content\/uploads\/2023\/12\/cropped-fav.png\",\"width\":500,\"height\":469,\"caption\":\"drevodomykosice\"},\"image\":{\"@id\":\"https:\/\/www.drevodomykosice.sk\/#\/schema\/logo\/image\/\"}}]}<\/script>\n<!-- \/ Yoast SEO plugin. -->","yoast_head_json":{"title":"Kontakt - drevodomykosice","robots":{"index":"index","follow":"follow","max-snippet":"max-snippet:-1","max-image-preview":"max-image-preview:large","max-video-preview":"max-video-preview:-1"},"canonical":"https:\/\/www.drevodomykosice.sk\/index.php\/kontakt\/","og_locale":"sk_SK","og_type":"article","og_title":"Kontakt - drevodomykosice","og_description":"Kontakt Kontaktn\u00e1 adresa: ALGOTRADE s.r.o., Gork\u00e9ho 1773\/9, 04001 Ko\u0161ice &#8211; Star\u00e9 MestoI\u010cO: 54326320DI\u010c: 2121626419Tel: +421 949 353 068 Email: drevodomy.kosice@gmail.comFacebook: Drevodomykosice.sk","og_url":"https:\/\/www.drevodomykosice.sk\/index.php\/kontakt\/","og_site_name":"drevodomykosice","article_modified_time":"2024-03-18T22:04:41+00:00","og_image":[{"url":"https:\/\/www.drevodomykosice.sk\/wp-content\/uploads\/2024\/03\/qr-code-1.jpg","type":"","width":"","height":""}],"twitter_card":"summary_large_image","schema":{"@context":"https:\/\/schema.org","@graph":[{"@type":"WebPage","@id":"https:\/\/www.drevodomykosice.sk\/index.php\/kontakt\/","url":"https:\/\/www.drevodomykosice.sk\/index.php\/kontakt\/","name":"Kontakt - drevodomykosice","isPartOf":{"@id":"https:\/\/www.drevodomykosice.sk\/#website"},"primaryImageOfPage":{"@id":"https:\/\/www.drevodomykosice.sk\/index.php\/kontakt\/#primaryimage"},"image":{"@id":"https:\/\/www.drevodomykosice.sk\/index.php\/kontakt\/#primaryimage"},"thumbnailUrl":"https:\/\/www.drevodomykosice.sk\/wp-content\/uploads\/2024\/03\/qr-code-1.jpg","datePublished":"2023-12-03T09:39:03+00:00","dateModified":"2024-03-18T22:04:41+00:00","breadcrumb":{"@id":"https:\/\/www.drevodomykosice.sk\/index.php\/kontakt\/#breadcrumb"},"inLanguage":"sk-SK","potentialAction":[{"@type":"ReadAction","target":["https:\/\/www.drevodomykosice.sk\/index.php\/kontakt\/"]}]},{"@type":"ImageObject","inLanguage":"sk-SK","@id":"https:\/\/www.drevodomykosice.sk\/index.php\/kontakt\/#primaryimage","url":"https:\/\/www.drevodomykosice.sk\/wp-content\/uploads\/2024\/03\/qr-code-1.jpg","contentUrl":"https:\/\/www.drevodomykosice.sk\/wp-content\/uploads\/2024\/03\/qr-code-1.jpg","width":227,"height":227},{"@type":"BreadcrumbList","@id":"https:\/\/www.drevodomykosice.sk\/index.php\/kontakt\/#breadcrumb","itemListElement":[{"@type":"ListItem","position":1,"name":"Domovsk\u00e1 str\u00e1nka","item":"https:\/\/www.drevodomykosice.sk\/"},{"@type":"ListItem","position":2,"name":"Kontakt"}]},{"@type":"WebSite","@id":"https:\/\/www.drevodomykosice.sk\/#website","url":"https:\/\/www.drevodomykosice.sk\/","name":"drevodomykosice","description":"","publisher":{"@id":"https:\/\/www.drevodomykosice.sk\/#organization"},"potentialAction":[{"@type":"SearchAction","target":{"@type":"EntryPoint","urlTemplate":"https:\/\/www.drevodomykosice.sk\/?s={search_term_string}"},"query-input":{"@type":"PropertyValueSpecification","valueRequired":true,"valueName":"search_term_string"}}],"inLanguage":"sk-SK"},{"@type":"Organization","@id":"https:\/\/www.drevodomykosice.sk\/#organization","name":"drevodomykosice","url":"https:\/\/www.drevodomykosice.sk\/","logo":{"@type":"ImageObject","inLanguage":"sk-SK","@id":"https:\/\/www.drevodomykosice.sk\/#\/schema\/logo\/image\/","url":"https:\/\/www.drevodomykosice.sk\/wp-content\/uploads\/2023\/12\/cropped-fav.png","contentUrl":"https:\/\/www.drevodomykosice.sk\/wp-content\/uploads\/2023\/12\/cropped-fav.png","width":500,"height":469,"caption":"drevodomykosice"},"image":{"@id":"https:\/\/www.drevodomykosice.sk\/#\/schema\/logo\/image\/"}}]}},"_links":{"self":[{"href":"https:\/\/www.drevodomykosice.sk\/index.php\/wp-json\/wp\/v2\/pages\/151","targetHints":{"allow":["GET"]}}],"collection":[{"href":"https:\/\/www.drevodomykosice.sk\/index.php\/wp-json\/wp\/v2\/pages"}],"about":[{"href":"https:\/\/www.drevodomykosice.sk\/index.php\/wp-json\/wp\/v2\/types\/page"}],"author":[{"embeddable":true,"href":"https:\/\/www.drevodomykosice.sk\/index.php\/wp-json\/wp\/v2\/users\/1"}],"replies":[{"embeddable":true,"href":"https:\/\/www.drevodomykosice.sk\/index.php\/wp-json\/wp\/v2\/comments?post=151"}],"version-history":[{"count":124,"href":"https:\/\/www.drevodomykosice.sk\/index.php\/wp-json\/wp\/v2\/pages\/151\/revisions"}],"predecessor-version":[{"id":1531,"href":"https:\/\/www.drevodomykosice.sk\/index.php\/wp-json\/wp\/v2\/pages\/151\/revisions\/1531"}],"wp:attachment":[{"href":"https:\/\/www.drevodomykosice.sk\/index.php\/wp-json\/wp\/v2\/media?parent=151"}],"curies":[{"name":"wp","href":"https:\/\/api.w.org\/{rel}","templated":true}]}}